{"id":13,"date":"2007-11-30T10:14:16","date_gmt":"2007-11-30T09:14:16","guid":{"rendered":"http:\/\/wp1092402.wp127.webpack.hosteurope.de\/blog\/?page_id=13"},"modified":"2025-09-26T08:28:16","modified_gmt":"2025-09-26T07:28:16","slug":"maxi-gruppe","status":"publish","type":"page","link":"https:\/\/www.wakiga-welden.de\/?page_id=13","title":{"rendered":"Die Waldm\u00e4use"},"content":{"rendered":"<h2>Die Waldm\u00e4use<\/h2>\n<p>Hier werden pro Gruppe 10 Kinder ab ca. 2 Jahren bis Kindergartenalter von 3 Erzieherinnen und 1 Ergotherapeutin betreut. In geringem Umfang k\u00f6nnen wir auch Kinder ab 1,8 Jahren aufnehmen, wenn die Kinder in der Lage sind, die Waldtage konstitutionell gut zu meistern. Es k\u00f6nnen 2 bzw. 4 feste Tage gebucht werden.<\/p>\n<p>Die Kinder treffen sich in einer festen Gruppe und erkunden dann mit den Betreuungspersonen den Wald. Dabei wird zusammen getobt, gespielt, gesungen.<br \/>\nMitzubringen sind wetterfeste Kleidung und Rucksack mit Brotzeit.<\/p>\n<p>Buchbare Tage sind entweder Montag und Mittwoch oder Dienstag und Donnerstag oder alle 4 Tage von 8.30 bis 11.15 Uhr bzw. 12.30 Uhr. <strong>Aus organisatorischen Gr\u00fcnden ist die Wahl der Tage verbindlich. Es ist nicht m\u00f6glich, w\u00e4hrend des laufenden Jahres die Wochentage zu wechseln.<\/strong><br \/>\nW\u00e4hrend der Schlie\u00dfzeiten des Waldkindergartens Welden, nachzulesen auf www.wakiga-welden.de, findet keine M\u00e4usegruppe statt. Au\u00dferdem bleibt die M\u00e4usegruppe in einer der beiden Pfingstferienwochen geschlossen.<\/p>\n<div class=\"imageframe imgalignright\" style=\"width: 200px;\">\n<div class=\"imagecaption\">Nat\u00fcrlich spielen, das finden fast alle Kinder super!<\/div>\n<\/div>\n<p><strong>\u00a0<\/strong><br \/>\nAnmeldung bei Sandra Sickinger, Tel: 0157\/58180042<br \/>\nBei Interesse zum Schnuppern bitte bei Tina M\u00fcller auf dem Waldhandy melden: 0157\/58180018 (eine Stunde vor Beginn der M\u00e4usegruppe und zwei Stunden nach Ende ist das Handy eingeschaltet.)<br \/>\nSchnuppern ohne vorherige Anmeldung ist nicht m\u00f6glich!!<\/p>\n<p>Anmeldeformulare finden Sie bei <a href=\"http:\/\/wakiga-welden.de\/?page_id=4\">ANMELDUNG<\/a>.<\/p>\n","protected":false},"excerpt":{"rendered":"<p>Die Waldm\u00e4use Hier werden pro Gruppe 10 Kinder ab ca. 2 Jahren bis Kindergartenalter von 3 Erzieherinnen und 1 Ergotherapeutin betreut. In geringem Umfang k\u00f6nnen wir auch Kinder ab 1,8 Jahren aufnehmen, wenn die Kinder in der Lage sind, die &hellip; <a href=\"https:\/\/www.wakiga-welden.de\/?page_id=13\">Weiterlesen <span class=\"meta-nav\">&rarr;<\/span><\/a><\/p>\n","protected":false},"author":4,"featured_media":0,"parent":11,"menu_order":0,"comment_status":"closed","ping_status":"closed","template":"","meta":{"footnotes":""},"class_list":["post-13","page","type-page","status-publish","hentry"],"_links":{"self":[{"href":"https:\/\/www.wakiga-welden.de\/index.php?rest_route=\/wp\/v2\/pages\/13"}],"collection":[{"href":"https:\/\/www.wakiga-welden.de\/index.php?rest_route=\/wp\/v2\/pages"}],"about":[{"href":"https:\/\/www.wakiga-welden.de\/index.php?rest_route=\/wp\/v2\/types\/page"}],"author":[{"embeddable":true,"href":"https:\/\/www.wakiga-welden.de\/index.php?rest_route=\/wp\/v2\/users\/4"}],"replies":[{"embeddable":true,"href":"https:\/\/www.wakiga-welden.de\/index.php?rest_route=%2Fwp%2Fv2%2Fcomments&post=13"}],"version-history":[{"count":36,"href":"https:\/\/www.wakiga-welden.de\/index.php?rest_route=\/wp\/v2\/pages\/13\/revisions"}],"predecessor-version":[{"id":3033,"href":"https:\/\/www.wakiga-welden.de\/index.php?rest_route=\/wp\/v2\/pages\/13\/revisions\/3033"}],"up":[{"embeddable":true,"href":"https:\/\/www.wakiga-welden.de\/index.php?rest_route=\/wp\/v2\/pages\/11"}],"wp:attachment":[{"href":"https:\/\/www.wakiga-welden.de\/index.php?rest_route=%2Fwp%2Fv2%2Fmedia&parent=13"}],"curies":[{"name":"wp","href":"https:\/\/api.w.org\/{rel}","templated":true}]}}