{"id":15,"date":"2007-11-30T10:14:49","date_gmt":"2007-11-30T09:14:49","guid":{"rendered":"http:\/\/wp1092402.wp127.webpack.hosteurope.de\/blog\/?page_id=15"},"modified":"2025-09-26T09:21:51","modified_gmt":"2025-09-26T08:21:51","slug":"elternbeirat","status":"publish","type":"page","link":"https:\/\/www.wakiga-welden.de\/?page_id=15","title":{"rendered":"Elternbeirat"},"content":{"rendered":"<p><strong>Elternbeirat 2025\/26<\/strong><br \/>\nAm 24.09.2025 wurde der neue Waldkindergarten &#8211; Elternbeirat f\u00fcr das Kindergartenjahr 2025\/26 gew\u00e4hlt. Die diesj\u00e4hrigen Elternbeir\u00e4t*innen sind:<br \/>\nvon links nach rechts: (Bild folgt)<\/p>\n","protected":false},"excerpt":{"rendered":"<p>Elternbeirat 2025\/26 Am 24.09.2025 wurde der neue Waldkindergarten &#8211; Elternbeirat f\u00fcr das Kindergartenjahr 2025\/26 gew\u00e4hlt. Die diesj\u00e4hrigen Elternbeir\u00e4t*innen sind: von links nach rechts: (Bild folgt)<\/p>\n","protected":false},"author":4,"featured_media":0,"parent":11,"menu_order":0,"comment_status":"closed","ping_status":"open","template":"","meta":{"footnotes":""},"class_list":["post-15","page","type-page","status-publish","hentry"],"_links":{"self":[{"href":"https:\/\/www.wakiga-welden.de\/index.php?rest_route=\/wp\/v2\/pages\/15"}],"collection":[{"href":"https:\/\/www.wakiga-welden.de\/index.php?rest_route=\/wp\/v2\/pages"}],"about":[{"href":"https:\/\/www.wakiga-welden.de\/index.php?rest_route=\/wp\/v2\/types\/page"}],"author":[{"embeddable":true,"href":"https:\/\/www.wakiga-welden.de\/index.php?rest_route=\/wp\/v2\/users\/4"}],"replies":[{"embeddable":true,"href":"https:\/\/www.wakiga-welden.de\/index.php?rest_route=%2Fwp%2Fv2%2Fcomments&post=15"}],"version-history":[{"count":22,"href":"https:\/\/www.wakiga-welden.de\/index.php?rest_route=\/wp\/v2\/pages\/15\/revisions"}],"predecessor-version":[{"id":3043,"href":"https:\/\/www.wakiga-welden.de\/index.php?rest_route=\/wp\/v2\/pages\/15\/revisions\/3043"}],"up":[{"embeddable":true,"href":"https:\/\/www.wakiga-welden.de\/index.php?rest_route=\/wp\/v2\/pages\/11"}],"wp:attachment":[{"href":"https:\/\/www.wakiga-welden.de\/index.php?rest_route=%2Fwp%2Fv2%2Fmedia&parent=15"}],"curies":[{"name":"wp","href":"https:\/\/api.w.org\/{rel}","templated":true}]}}