{"id":156,"date":"2020-07-29T14:20:33","date_gmt":"2020-07-29T13:20:33","guid":{"rendered":"http:\/\/www.wakiga-welden.de\/?page_id=156"},"modified":"2025-09-26T08:31:57","modified_gmt":"2025-09-26T07:31:57","slug":"kindergartengruppen","status":"publish","type":"page","link":"https:\/\/www.wakiga-welden.de\/?page_id=156","title":{"rendered":"Kindergartengruppen"},"content":{"rendered":"<p>Momentan bestehen im Waldkindergarten Welden zwei Waldkindergartengruppen, die <strong>Hasengruppe<\/strong> und die <strong>Fuchsgruppe<\/strong>, welche ihre Gruppenpl\u00e4tze auf zwei ca. 50 Meter entfernten Waldlichtungen haben. In jeder Gruppe werden 25 Kinder betreut. Viele Aktionen werden von beiden Gruppen zusammen unternommen.<\/p>\n<p>Wir nehmen <strong>Kinder ab 3 Jahren<\/strong> und in geringem Umfang auch <strong>Kinder ab 2 1\/2 Jahren<\/strong> in unsere Waldkindergartengruppen auf.<\/p>\n<p>Bei Bedarf stehen beheizbare Schutzw\u00e4gen zur Verf\u00fcgung, z. B. f\u00fcr Brotzeit bei starkem Regen oder K\u00e4lte, zum Basteln bei N\u00e4sse, f\u00fcr die Sprachf\u00f6rderung, zum Sachen lagern, zum Buch anschauen oder nur mal zum Aufw\u00e4rmen.<\/p>\n<p>Sollte es Sturm oder Gewitter geben, suchen wir die Schutzr\u00e4ume im Ort auf. \u00dcblicherweise erf\u00e4hrt man das Nahen eines Sturmes vom Wetterdienst schon vorher und die Kinder werden nach Information per Broadcast oder SMS am Morgen schon im jeweiligen Schutzraum abgegeben.<\/p>\n<p>Wer es ganz genau wissen will, der sollte im allgemeinen Teil unserer gut 40-seitigen <strong><a href=\"http:\/\/wakiga-welden.de\/?page_id=10\">Konzeption <\/a><\/strong>nachlesen.<\/p>\n<p>Neue Kinder werden im September und in geringem Umfang im M\u00e4rz aufgenommen.<\/p>\n<p>Schnupperkinder sind nach Terminabsprache mit den Erzieherinnen willkommen. Bei Interesse wenden Sie sich bitte an Sandra Sickinger Tel.: 0157\/58180042 .<\/p>\n<p><strong>Weitere Informationen, die auch unter <a href=\"http:\/\/wakiga-welden.de\/?page_id=4\">Anmeldung<\/a> zu finden sind:<\/strong><\/p>\n<p><strong>Betreuungszeiten:<\/strong><br \/>\nGe\u00f6ffnet werktags Montag bis Freitag von 7.30 bis 13.30 Uhr.<br \/>\nDie Kinder treffen sich morgens ab 7.30 im Container bzw. kurz vor 8.30 Uhr vor dem Container in der N\u00e4he des Schwarzbrunnen-Parkplatzes, um dann gemeinsam ins Waldabenteuer zu starten.<\/p>\n<p>Am Mittag werden die Kinder zwischen 12.30 und 13.30 Uhr dort wieder abgeholt.<\/p>\n<p><strong>Einige Buchungsbeispiele und Beitr\u00e4ge:<\/strong><br \/>\nUNSERE KERNZEIT F\u00dcR JEDEN IST MONTAG-FREITAG VON 8.30-12.30 UHR.<br \/>\n20 bis 25 Betreuungsstunden: 5-Tage-Woche in der KERNZEIT und weitere 5 Stunden kosten monatlich 114 Euro.<br \/>\n25 bis 30 Betreuungsstunden: 5-Tage-Woche von 7.30 bis 13.30 Uhr kosten monatlich 126 Euro.<\/p>\n<p><strong>Beitragszuschuss vom Freistaat Bayern:<br \/>\n<\/strong> Der Kindergartenbeitrag reduziert sich seit 01.04.2019 um den Beitragszuschuss von 100 \u20ac pro Kind und Monat des Freistaates Bayern. Er gilt ab dem 1. September des Kalenderjahres, in dem das Kind drei Jahre alt wird, und wird bis zur Einschulung gezahlt.<\/p>\n<p>H\u00e4rtef\u00e4lle:<br \/>\nDie Kindergartenbeitr\u00e4ge k\u00f6nnen ggf. von der Wirtschaftlichen Jugendhilfe im Landratsamt Augsburg gef\u00f6rdert werden.<\/p>\n<p><strong>Betreuungspersonal:<\/strong><br \/>\nWir besch\u00e4ftigen 3 ErzieherInnen und 3 Kinderpflegerinnen, 1 Berufspraktikantin, 1 Hilfskraft.<\/p>\n<p><strong>Ferien:<\/strong><br \/>\nDer Kindergarten ist an max. 30 Tagen im Jahr geschlossen.<br \/>\nDiese Ferien erstrecken sich \u00fcber die offiziellen Weihnachtsferien der Schulkinder, sowie 3 Wochen Ferien w\u00e4hrend der Sommerferien.<br \/>\nIn den Oster-, Pfingst- und Herbstferien ist der Kindergarten ge\u00f6ffnet, in den Sommerferien ist au\u00dferhalb der 3 Ferienwochen ge\u00f6ffnet.<\/p>\n<p>Zu den eigentlichen Kindergartenferien kommen noch 2 p\u00e4dagogische Arbeitstage, die rechtzeitig zu Beginn des Kindergartenjahres bekannt gegeben werden, damit Sie planen k\u00f6nnen.<\/p>\n<p><strong>Waldkindergartenferien 2025\/26<\/strong><br \/>\nJeweils erster und letzter Ferientag<br \/>\n1. P\u00e4dagogischer Arbeitstag: 09.02.26 (Die Einrichtung bleibt geschlossen)<br \/>\n2. p\u00e4d. Arbeitstag: 30.07.26 (Die Einrichtung bleibt geschlossen)<br \/>\nFerien in KIGA, M\u00c4USE und SCHULE<br \/>\nHerbstferien KIGA und M\u00c4USE: ge\u00f6ffnet, SCHULE: 03.11.25 &#8211; 07.11.25<br \/>\nWeihnachtsferien KIGA und M\u00c4USE: 22.12.25 &#8211; 06.01.26, SCHULE: 22.12.25 &#8211; 06.01.26<br \/>\nFaschingsferien KIGA und M\u00c4USE: ge\u00f6ffnet, SCHULE: 16.02.26. &#8211; 20.02.26<br \/>\nOsterferien KIGA und M\u00c4USE: ge\u00f6ffnet, SCHULE: 30.03. &#8211; 10.04.26<br \/>\nBr\u00fcckentag: 15.05.26 (Die Einrichtung bleibt geschlossen)<br \/>\nPfingstferien KIGA: ge\u00f6ffnet, SCHULE: 26.05. &#8211; 05.06.26<br \/>\nBr\u00fcckentag: 05.06.26 (Die Einrichtung bleibt geschlossen)<br \/>\nPfingstferien M\u00c4USE: geschlossen vom 26. &#8211; 28.05.26<br \/>\nSommerferien KIGA und M\u00c4USE: 31.07. &#8211; 21.08.26, SCHULE: 03.08. &#8211; 14.09.26<br \/>\nIn den Schulferien findet eingeschr\u00e4nkter Betrieb statt, da viele Kinder in den Ferien daheim bleiben.<\/p>\n","protected":false},"excerpt":{"rendered":"<p>Momentan bestehen im Waldkindergarten Welden zwei Waldkindergartengruppen, die Hasengruppe und die Fuchsgruppe, welche ihre Gruppenpl\u00e4tze auf zwei ca. 50 Meter entfernten Waldlichtungen haben. In jeder Gruppe werden 25 Kinder betreut. Viele Aktionen werden von beiden Gruppen zusammen unternommen. Wir nehmen &hellip; <a href=\"https:\/\/www.wakiga-welden.de\/?page_id=156\">Weiterlesen <span class=\"meta-nav\">&rarr;<\/span><\/a><\/p>\n","protected":false},"author":4,"featured_media":0,"parent":11,"menu_order":0,"comment_status":"closed","ping_status":"open","template":"","meta":{"footnotes":""},"class_list":["post-156","page","type-page","status-publish","hentry"],"_links":{"self":[{"href":"https:\/\/www.wakiga-welden.de\/index.php?rest_route=\/wp\/v2\/pages\/156"}],"collection":[{"href":"https:\/\/www.wakiga-welden.de\/index.php?rest_route=\/wp\/v2\/pages"}],"about":[{"href":"https:\/\/www.wakiga-welden.de\/index.php?rest_route=\/wp\/v2\/types\/page"}],"author":[{"embeddable":true,"href":"https:\/\/www.wakiga-welden.de\/index.php?rest_route=\/wp\/v2\/users\/4"}],"replies":[{"embeddable":true,"href":"https:\/\/www.wakiga-welden.de\/index.php?rest_route=%2Fwp%2Fv2%2Fcomments&post=156"}],"version-history":[{"count":40,"href":"https:\/\/www.wakiga-welden.de\/index.php?rest_route=\/wp\/v2\/pages\/156\/revisions"}],"predecessor-version":[{"id":3035,"href":"https:\/\/www.wakiga-welden.de\/index.php?rest_route=\/wp\/v2\/pages\/156\/revisions\/3035"}],"up":[{"embeddable":true,"href":"https:\/\/www.wakiga-welden.de\/index.php?rest_route=\/wp\/v2\/pages\/11"}],"wp:attachment":[{"href":"https:\/\/www.wakiga-welden.de\/index.php?rest_route=%2Fwp%2Fv2%2Fmedia&parent=156"}],"curies":[{"name":"wp","href":"https:\/\/api.w.org\/{rel}","templated":true}]}}